{"id":1100,"date":"2025-03-12T15:39:14","date_gmt":"2025-03-12T15:39:14","guid":{"rendered":"https:\/\/www.mapblog.xyz\/?page_id=1100"},"modified":"2026-03-17T18:09:09","modified_gmt":"2026-03-17T18:09:09","slug":"horror-in-den-medien","status":"publish","type":"page","link":"https:\/\/www.mapblog.xyz\/?page_id=1100","title":{"rendered":"\ud83c\udde9\ud83c\uddea Diskriminierung in den Medien"},"content":{"rendered":"\n<p>Immer wieder Verbreiten Medien teils Gef\u00e4hrliche Falschinformationen und stacheln indirekt oder direkt zu Hass und Gewalt gegen P\u00e4dophilen Menschen auf, hier k\u00f6nnt ihr mal ein paar Beispiele sehen.<br><br><br><br><\/p>\n\n\n<div style=\"border: 3px solid #cf2e2e; border-radius: 0%; background-color: inherit; \" class=\"ub-styled-box ub-bordered-box wp-block-ub-styled-box\" id=\"ub-styled-box-0e7b48c8-01f6-4336-8970-26b8df67c016\">\n<p id=\"ub-styled-box-bordered-content-\">&#8220;Wie mehrere Einwohner berichten, sollen dem Mann p\u00e4dophile Neigungen vorgeworfen werde.&#8221;<br><br><img loading=\"lazy\" decoding=\"async\" width=\"450\" height=\"256\" class=\"wp-image-1101\" style=\"width: 450px;\" src=\"https:\/\/www.mapblog.xyz\/wp-content\/uploads\/2025\/03\/c073e29a2de28244.png\" alt=\"\" srcset=\"https:\/\/www.mapblog.xyz\/wp-content\/uploads\/2025\/03\/c073e29a2de28244.png 632w, https:\/\/www.mapblog.xyz\/wp-content\/uploads\/2025\/03\/c073e29a2de28244-300x171.png 300w\" sizes=\"auto, (max-width: 450px) 100vw, 450px\" \/><\/p>\n\n\n<\/div>\n\n<div style=\"border: 3px solid #cf2e2e; border-radius: 0%; background-color: inherit; \" class=\"ub-styled-box ub-bordered-box wp-block-ub-styled-box\" id=\"ub-styled-box-0f544970-c766-4d7b-bb22-828ff4ad731a\">\n<p id=\"ub-styled-box-bordered-content-\">Mehrere jugendliche haben in der Schweiz P\u00e4dophile Angegriffen, und K\u00f6rperverletzung begangen<br><br>Schlagzeile? &#8220;Macht die Schweiz genug gegen P\u00e4dophile&#8221;  &lt; T\u00e4ter-Opfer-Umkehr von Feinsten.<img loading=\"lazy\" decoding=\"async\" width=\"450\" height=\"185\" class=\"wp-image-1102\" style=\"width: 450px;\" src=\"https:\/\/www.mapblog.xyz\/wp-content\/uploads\/2025\/03\/1b0674cda994ef1f.png\" alt=\"\" srcset=\"https:\/\/www.mapblog.xyz\/wp-content\/uploads\/2025\/03\/1b0674cda994ef1f.png 702w, https:\/\/www.mapblog.xyz\/wp-content\/uploads\/2025\/03\/1b0674cda994ef1f-300x123.png 300w\" sizes=\"auto, (max-width: 450px) 100vw, 450px\" \/><\/p>\n\n\n<\/div>\n\n<div style=\"border: 3px solid #cf2e2e; border-radius: 0%; background-color: inherit; \" class=\"ub-styled-box ub-bordered-box wp-block-ub-styled-box\" id=\"ub-styled-box-23ec894e-ca5a-4e71-8822-4cd4c4a04109\">\n<p id=\"ub-styled-box-bordered-content-\">&#8220;So will Instagram Kinder vor P\u00e4dophilen Sch\u00fctzen&#8221;<br><br><img loading=\"lazy\" decoding=\"async\" width=\"450\" height=\"137\" class=\"wp-image-1103\" style=\"width: 450px;\" src=\"https:\/\/www.mapblog.xyz\/wp-content\/uploads\/2025\/03\/7ca1a11827ec92c0.png\" alt=\"\" srcset=\"https:\/\/www.mapblog.xyz\/wp-content\/uploads\/2025\/03\/7ca1a11827ec92c0.png 852w, https:\/\/www.mapblog.xyz\/wp-content\/uploads\/2025\/03\/7ca1a11827ec92c0-300x91.png 300w, https:\/\/www.mapblog.xyz\/wp-content\/uploads\/2025\/03\/7ca1a11827ec92c0-768x233.png 768w\" sizes=\"auto, (max-width: 450px) 100vw, 450px\" \/><\/p>\n\n\n<\/div>\n\n<div style=\"border: 3px solid #cf2e2e; border-radius: 0%; background-color: inherit; \" class=\"ub-styled-box ub-bordered-box wp-block-ub-styled-box\" id=\"ub-styled-box-48b81130-20e8-40df-bd79-28cc2e0284ea\">\n<p id=\"ub-styled-box-bordered-content-\">Eine Zeitung druckt einen Artikel, wie &#8220;Extrem Stigmatisiert&#8221; P\u00e4dophile Personen in der Gesellschaft sind, darunter ein Bild von einem Angeklagten vor Gericht.<br><br><img loading=\"lazy\" decoding=\"async\" width=\"450\" height=\"310\" class=\"wp-image-1109\" style=\"width: 450px;\" src=\"https:\/\/www.mapblog.xyz\/wp-content\/uploads\/2025\/03\/dc692dfdf1597501.png\" alt=\"\" srcset=\"https:\/\/www.mapblog.xyz\/wp-content\/uploads\/2025\/03\/dc692dfdf1597501.png 988w, https:\/\/www.mapblog.xyz\/wp-content\/uploads\/2025\/03\/dc692dfdf1597501-300x207.png 300w, https:\/\/www.mapblog.xyz\/wp-content\/uploads\/2025\/03\/dc692dfdf1597501-768x529.png 768w\" sizes=\"auto, (max-width: 450px) 100vw, 450px\" \/><\/p>\n\n\n<\/div>\n\n<div style=\"border: 3px solid #cf2e2e; border-radius: 0%; background-color: inherit; \" class=\"ub-styled-box ub-bordered-box wp-block-ub-styled-box\" id=\"ub-styled-box-947bc91b-62cf-4b8c-950d-b6aa15b081b5\">\n<p id=\"ub-styled-box-bordered-content-\">&#8220;Mord, Extremismus, P\u00e4dophilie, das b\u00f6se steckt in jedem von uns&#8221;<br><br><img loading=\"lazy\" decoding=\"async\" width=\"450\" height=\"215\" class=\"wp-image-1110\" style=\"width: 450px;\" src=\"https:\/\/www.mapblog.xyz\/wp-content\/uploads\/2025\/03\/e6827328e08adf51.png\" alt=\"\" srcset=\"https:\/\/www.mapblog.xyz\/wp-content\/uploads\/2025\/03\/e6827328e08adf51.png 686w, https:\/\/www.mapblog.xyz\/wp-content\/uploads\/2025\/03\/e6827328e08adf51-300x143.png 300w\" sizes=\"auto, (max-width: 450px) 100vw, 450px\" \/><\/p>\n\n\n<\/div>\n\n<div style=\"border: 3px solid #cf2e2e; border-radius: 0%; background-color: inherit; \" class=\"ub-styled-box ub-bordered-box wp-block-ub-styled-box\" id=\"ub-styled-box-cff38fa2-4b60-4c13-8131-9753ff48717e\">\n<p id=\"ub-styled-box-bordered-content-\">&#8220;Durchsuchungen wegen P\u00e4dophilie&#8221;<br><br><img loading=\"lazy\" decoding=\"async\" width=\"450\" height=\"143\" class=\"wp-image-1114\" style=\"width: 450px;\" src=\"https:\/\/www.mapblog.xyz\/wp-content\/uploads\/2025\/03\/1b956c965ecbf47a.png\" alt=\"\" srcset=\"https:\/\/www.mapblog.xyz\/wp-content\/uploads\/2025\/03\/1b956c965ecbf47a.png 687w, https:\/\/www.mapblog.xyz\/wp-content\/uploads\/2025\/03\/1b956c965ecbf47a-300x95.png 300w\" sizes=\"auto, (max-width: 450px) 100vw, 450px\" \/><\/p>\n\n\n<\/div>\n\n<div style=\"border: 3px solid #cf2e2e; border-radius: 0%; background-color: inherit; \" class=\"ub-styled-box ub-bordered-box wp-block-ub-styled-box\" id=\"ub-styled-box-680d3cb2-d087-4c34-9424-e1278be7dc38\">\n<p id=\"ub-styled-box-bordered-content-\">&#8220;Ins Visier der Polizei&#8230; weil er in einer einschl\u00e4gigen Chatgruppe f\u00fcr Menschen mit P\u00e4dophilen Neigungen&#8230; ausgetauscht hatte&#8221;<br><img loading=\"lazy\" decoding=\"async\" width=\"450\" height=\"248\" class=\"wp-image-1115\" style=\"width: 450px;\" src=\"https:\/\/www.mapblog.xyz\/wp-content\/uploads\/2025\/03\/505757884d90a6be.png\" alt=\"\" srcset=\"https:\/\/www.mapblog.xyz\/wp-content\/uploads\/2025\/03\/505757884d90a6be.png 713w, https:\/\/www.mapblog.xyz\/wp-content\/uploads\/2025\/03\/505757884d90a6be-300x165.png 300w\" sizes=\"auto, (max-width: 450px) 100vw, 450px\" \/><\/p>\n\n\n<\/div>\n\n<div style=\"border: 3px solid #cf2e2e; border-radius: 0%; background-color: inherit; \" class=\"ub-styled-box ub-bordered-box wp-block-ub-styled-box\" id=\"ub-styled-box-4a004695-6594-424f-8e1a-f7bb9c5c01b6\">\n<p id=\"ub-styled-box-bordered-content-\">&#8220;EU will P\u00e4dophile h\u00e4rter bestrafen&#8221;<br><br><img loading=\"lazy\" decoding=\"async\" width=\"450\" height=\"144\" class=\"wp-image-1116\" style=\"width: 450px;\" src=\"https:\/\/www.mapblog.xyz\/wp-content\/uploads\/2025\/03\/1eeb575cf30b295c.png\" alt=\"\" srcset=\"https:\/\/www.mapblog.xyz\/wp-content\/uploads\/2025\/03\/1eeb575cf30b295c.png 849w, https:\/\/www.mapblog.xyz\/wp-content\/uploads\/2025\/03\/1eeb575cf30b295c-300x96.png 300w, https:\/\/www.mapblog.xyz\/wp-content\/uploads\/2025\/03\/1eeb575cf30b295c-768x245.png 768w\" sizes=\"auto, (max-width: 450px) 100vw, 450px\" \/><\/p>\n\n\n<\/div>\n\n<div style=\"border: 3px solid #cf2e2e; border-radius: 0%; background-color: inherit; \" class=\"ub-styled-box ub-bordered-box wp-block-ub-styled-box\" id=\"ub-styled-box-fd6670c8-5233-4f74-a618-0769db399340\">\n<p id=\"ub-styled-box-bordered-content-\">&#8220;Wegen P\u00e4dophilie verurteilt&#8221;<br><br><img loading=\"lazy\" decoding=\"async\" width=\"450\" height=\"119\" class=\"wp-image-1119\" style=\"width: 450px;\" src=\"https:\/\/www.mapblog.xyz\/wp-content\/uploads\/2025\/03\/d3a505e4fe2d602a.png\" alt=\"\" srcset=\"https:\/\/www.mapblog.xyz\/wp-content\/uploads\/2025\/03\/d3a505e4fe2d602a.png 783w, https:\/\/www.mapblog.xyz\/wp-content\/uploads\/2025\/03\/d3a505e4fe2d602a-300x79.png 300w, https:\/\/www.mapblog.xyz\/wp-content\/uploads\/2025\/03\/d3a505e4fe2d602a-768x203.png 768w\" sizes=\"auto, (max-width: 450px) 100vw, 450px\" \/><\/p>\n\n\n<\/div>\n\n<div style=\"border: 3px solid #cf2e2e; border-radius: 0%; background-color: inherit; \" class=\"ub-styled-box ub-bordered-box wp-block-ub-styled-box\" id=\"ub-styled-box-9ed30551-f6de-4686-8fff-5f06f60a31e9\">\n<p id=\"ub-styled-box-bordered-content-\"><strong><mark style=\"background-color:rgba(0, 0, 0, 0)\" class=\"has-inline-color has-luminous-vivid-amber-color\">Notiz Consuela: die n\u00e4chsten Beispiele zeigen, wie selbst der \u00f6ffentlich-rechtliche bzw. das FUNK Netzwerk gegen p\u00e4dophile Menschen Hetzen<\/mark><\/strong><br><br>&#8220;Razzia gegen P\u00e4dophile&#8221;<br><br><img loading=\"lazy\" decoding=\"async\" width=\"450\" height=\"154\" class=\"wp-image-1120\" style=\"width: 450px;\" src=\"https:\/\/www.mapblog.xyz\/wp-content\/uploads\/2025\/03\/c2a5152e9627a54c.png\" alt=\"\" srcset=\"https:\/\/www.mapblog.xyz\/wp-content\/uploads\/2025\/03\/c2a5152e9627a54c.png 800w, https:\/\/www.mapblog.xyz\/wp-content\/uploads\/2025\/03\/c2a5152e9627a54c-300x102.png 300w, https:\/\/www.mapblog.xyz\/wp-content\/uploads\/2025\/03\/c2a5152e9627a54c-768x262.png 768w\" sizes=\"auto, (max-width: 450px) 100vw, 450px\" \/><\/p>\n\n\n<\/div>\n\n<div style=\"border: 3px solid #cf2e2e; border-radius: 0%; background-color: inherit; \" class=\"ub-styled-box ub-bordered-box wp-block-ub-styled-box\" id=\"ub-styled-box-b4951ef3-0fbb-4478-9d53-b724bb6995e0\">\n<p id=\"ub-styled-box-bordered-content-\"><a href=\"https:\/\/www.youtube.com\/watch?v=DF8OTtbB7zI&amp;t=3s\" title=\"\">&#8220;So Jagt die Polizei P\u00e4dophile T\u00e4ter&#8221;<\/a><br><br><img loading=\"lazy\" decoding=\"async\" width=\"450\" height=\"221\" class=\"wp-image-1121\" style=\"width: 450px;\" src=\"https:\/\/www.mapblog.xyz\/wp-content\/uploads\/2025\/03\/uTyYCck.png\" alt=\"\" srcset=\"https:\/\/www.mapblog.xyz\/wp-content\/uploads\/2025\/03\/uTyYCck.png 446w, https:\/\/www.mapblog.xyz\/wp-content\/uploads\/2025\/03\/uTyYCck-300x147.png 300w\" sizes=\"auto, (max-width: 450px) 100vw, 450px\" \/><\/p>\n\n\n<\/div>\n\n<div style=\"border: 3px solid #cf2e2e; border-radius: 0%; background-color: inherit; \" class=\"ub-styled-box ub-bordered-box wp-block-ub-styled-box\" id=\"ub-styled-box-19fd55d4-f367-4762-a5b4-ca48f18864c0\">\n<p id=\"ub-styled-box-bordered-content-\"><a href=\"https:\/\/www.youtube.com\/watch?v=uJuCSskaX08&amp;t=5s\" title=\"\">&#8220;P\u00e4dophil, M\u00e4nnlich, sucht Mutter mit Kind&#8221;<\/a><br><br><img loading=\"lazy\" decoding=\"async\" width=\"450\" height=\"224\" class=\"wp-image-1124\" style=\"width: 450px;\" src=\"https:\/\/www.mapblog.xyz\/wp-content\/uploads\/2025\/03\/6oS17lD.png\" alt=\"\" srcset=\"https:\/\/www.mapblog.xyz\/wp-content\/uploads\/2025\/03\/6oS17lD.png 559w, https:\/\/www.mapblog.xyz\/wp-content\/uploads\/2025\/03\/6oS17lD-300x149.png 300w\" sizes=\"auto, (max-width: 450px) 100vw, 450px\" \/><\/p>\n\n\n<\/div>\n\n<div style=\"border: 3px solid #cf2e2e; border-radius: 0%; background-color: inherit; \" class=\"ub-styled-box ub-bordered-box wp-block-ub-styled-box\" id=\"ub-styled-box-397cd406-04df-4c88-bd98-8167417bbd39\">\n<p id=\"ub-styled-box-bordered-content-\"><a href=\"https:\/\/www.youtube.com\/watch?v=OEwvkZhJCns\" title=\"Cybergrooming: Wie P\u00e4dophile Kinderchats missbrauchen\">Cybergrooming: Wie P\u00e4dophile Kinderchats missbrauchen<\/a><br><br><img loading=\"lazy\" decoding=\"async\" width=\"450\" height=\"280\" class=\"wp-image-1125\" style=\"width: 450px;\" src=\"https:\/\/www.mapblog.xyz\/wp-content\/uploads\/2025\/03\/CSz34Wv.png\" alt=\"\" srcset=\"https:\/\/www.mapblog.xyz\/wp-content\/uploads\/2025\/03\/CSz34Wv.png 861w, https:\/\/www.mapblog.xyz\/wp-content\/uploads\/2025\/03\/CSz34Wv-300x187.png 300w, https:\/\/www.mapblog.xyz\/wp-content\/uploads\/2025\/03\/CSz34Wv-768x478.png 768w\" sizes=\"auto, (max-width: 450px) 100vw, 450px\" \/><\/p>\n\n\n<\/div>\n\n<div style=\"border: 3px solid #cf2e2e; border-radius: 0%; background-color: inherit; \" class=\"ub-styled-box ub-bordered-box wp-block-ub-styled-box\" id=\"ub-styled-box-1a2d40a0-4d6b-4682-9070-e8d3160d4159\">\n<p id=\"ub-styled-box-bordered-content-\"><a href=\"https:\/\/www.youtube.com\/watch?v=iItLpwkQMUQ\" title=\"\">P\u00e4dokriminelle Foren: Warum l\u00f6scht niemand die Aufnahmen?<\/a><br><br>&#8220;Wir Zerst\u00f6ren P\u00e4do-Forum&#8221;<br><br><img loading=\"lazy\" decoding=\"async\" width=\"450\" height=\"244\" class=\"wp-image-1126\" style=\"width: 450px;\" src=\"https:\/\/www.mapblog.xyz\/wp-content\/uploads\/2025\/03\/nxMoBiY.png\" alt=\"\" srcset=\"https:\/\/www.mapblog.xyz\/wp-content\/uploads\/2025\/03\/nxMoBiY.png 730w, https:\/\/www.mapblog.xyz\/wp-content\/uploads\/2025\/03\/nxMoBiY-300x163.png 300w\" sizes=\"auto, (max-width: 450px) 100vw, 450px\" \/><\/p>\n\n\n<\/div>\n\n<div style=\"border: 3px solid #cf2e2e; border-radius: 0%; background-color: inherit; \" class=\"ub-styled-box ub-bordered-box wp-block-ub-styled-box\" id=\"ub-styled-box-13f3dbb3-6204-4ac8-b9e0-3c3c76a783d4\">\n<p id=\"ub-styled-box-bordered-content-\"><a href=\"https:\/\/www.youtube.com\/watch?v=9ThLKT3Zq0I\" title=\"\">Nach Razzia: Missbrauchsbilder weiter im Netz<\/a><br><br>&#8220;Immer neue P\u00e4do-Foren&#8221;<br><br><img loading=\"lazy\" decoding=\"async\" width=\"450\" height=\"295\" class=\"wp-image-1231\" style=\"width: 450px;\" src=\"https:\/\/www.mapblog.xyz\/wp-content\/uploads\/2025\/03\/m7mvbpZ.png\" alt=\"\" srcset=\"https:\/\/www.mapblog.xyz\/wp-content\/uploads\/2025\/03\/m7mvbpZ.png 634w, https:\/\/www.mapblog.xyz\/wp-content\/uploads\/2025\/03\/m7mvbpZ-300x197.png 300w\" sizes=\"auto, (max-width: 450px) 100vw, 450px\" \/><\/p>\n\n\n<\/div>\n\n<div style=\"border: 3px solid #cf2e2e; border-radius: 0%; background-color: inherit; \" class=\"ub-styled-box ub-bordered-box wp-block-ub-styled-box\" id=\"ub-styled-box-b957b513-98fb-479e-b38e-20976621eb66\">\n<p id=\"ub-styled-box-bordered-content-\"><a href=\"https:\/\/www.youtube.com\/watch?v=LwsJ3hXw3AQ&amp;\" title=\"\">P\u00e4dokriminelle im Stream: So sicher f\u00fchlen sich T\u00e4ter<\/a><br><br>&#8220;Undercover in der P\u00e4do-App&#8221;<br><br><img loading=\"lazy\" decoding=\"async\" width=\"450\" height=\"276\" class=\"wp-image-1127\" style=\"width: 450px;\" src=\"https:\/\/www.mapblog.xyz\/wp-content\/uploads\/2025\/03\/B6p9zSm.png\" alt=\"\" srcset=\"https:\/\/www.mapblog.xyz\/wp-content\/uploads\/2025\/03\/B6p9zSm.png 681w, https:\/\/www.mapblog.xyz\/wp-content\/uploads\/2025\/03\/B6p9zSm-300x184.png 300w\" sizes=\"auto, (max-width: 450px) 100vw, 450px\" \/><\/p>\n\n\n<\/div>\n\n<div style=\"border: 3px solid #cf2e2e; border-radius: 0%; background-color: inherit; \" class=\"ub-styled-box ub-bordered-box wp-block-ub-styled-box\" id=\"ub-styled-box-8f91c83e-400d-4b36-ac6f-afd880a42f0c\">\n<p id=\"ub-styled-box-bordered-content-\"><a href=\"https:\/\/www.youtube.com\/watch?v=kq7FFAf94X8\" title=\"\">Exklusive Datenrecherche: Wie P\u00e4dosexuelle Bilder klauen<\/a><br><br>&#8220;Wie P\u00e4dos Bilder klauen&#8221;<br><br><img loading=\"lazy\" decoding=\"async\" width=\"450\" height=\"280\" class=\"wp-image-1128\" style=\"width: 450px;\" src=\"https:\/\/www.mapblog.xyz\/wp-content\/uploads\/2025\/03\/gFqonnb.png\" alt=\"\" srcset=\"https:\/\/www.mapblog.xyz\/wp-content\/uploads\/2025\/03\/gFqonnb.png 705w, https:\/\/www.mapblog.xyz\/wp-content\/uploads\/2025\/03\/gFqonnb-300x187.png 300w\" sizes=\"auto, (max-width: 450px) 100vw, 450px\" \/><\/p>\n\n\n<\/div>\n\n<div style=\"border: 3px solid #cf2e2e; border-radius: 0%; background-color: inherit; \" class=\"ub-styled-box ub-bordered-box wp-block-ub-styled-box\" id=\"ub-styled-box-395333ad-cd55-4d29-9f02-7da77861dcc8\">\n<p id=\"ub-styled-box-bordered-content-\"><a href=\"https:\/\/www.youtube.com\/watch?v=Ndk0nfppc_k\" title=\"\">P\u00e4dokriminelle Foren im Darknet: Jetzt l\u00f6schen wir richtig<\/a><\/p>\n\n\n\n<p>&#8220;Das Ende der P\u00e4do-Foren&#8221;<br><br><img loading=\"lazy\" decoding=\"async\" width=\"450\" height=\"374\" class=\"wp-image-1225\" style=\"width: 450px;\" src=\"https:\/\/www.mapblog.xyz\/wp-content\/uploads\/2025\/03\/okAfe9I.png\" alt=\"\" srcset=\"https:\/\/www.mapblog.xyz\/wp-content\/uploads\/2025\/03\/okAfe9I.png 697w, https:\/\/www.mapblog.xyz\/wp-content\/uploads\/2025\/03\/okAfe9I-300x249.png 300w\" sizes=\"auto, (max-width: 450px) 100vw, 450px\" \/><\/p>\n\n\n<\/div>\n\n<div style=\"border: 3px solid #cf2e2e; border-radius: 0%; background-color: inherit; \" class=\"ub-styled-box ub-bordered-box wp-block-ub-styled-box\" id=\"ub-styled-box-3dc069a8-40ca-4880-a7b7-96f8cd58f21e\">\n<p id=\"ub-styled-box-bordered-content-\"><a href=\"https:\/\/www.youtube.com\/watch?v=A1wcBmbOQKc\" title=\"\">Wie Celine undercover P\u00e4dokriminelle jagt<\/a><br><br>&#8220;Die Chats der P\u00e4do-J\u00e4gerin&#8221;<br><br><img loading=\"lazy\" decoding=\"async\" width=\"450\" height=\"376\" class=\"wp-image-1129\" style=\"width: 450px;\" src=\"https:\/\/www.mapblog.xyz\/wp-content\/uploads\/2025\/03\/3oWt4pA.png\" alt=\"\" srcset=\"https:\/\/www.mapblog.xyz\/wp-content\/uploads\/2025\/03\/3oWt4pA.png 880w, https:\/\/www.mapblog.xyz\/wp-content\/uploads\/2025\/03\/3oWt4pA-300x251.png 300w, https:\/\/www.mapblog.xyz\/wp-content\/uploads\/2025\/03\/3oWt4pA-768x641.png 768w\" sizes=\"auto, (max-width: 450px) 100vw, 450px\" \/><\/p>\n\n\n<\/div>\n\n<div style=\"border: 3px solid #cf2e2e; border-radius: 0%; background-color: inherit; \" class=\"ub-styled-box ub-bordered-box wp-block-ub-styled-box\" id=\"ub-styled-box-133a626f-e680-4ed5-998d-a310f017c8a2\">\n<p id=\"ub-styled-box-bordered-content-\">&#8220;P\u00e4dophilie-Post&#8221;<br>&#8220;als Kindersch\u00e4nder weitergeleitet.&#8221;<br><br><img loading=\"lazy\" decoding=\"async\" width=\"450\" height=\"123\" class=\"wp-image-1612\" style=\"width: 450px;\" src=\"https:\/\/www.mapblog.xyz\/wp-content\/uploads\/2026\/03\/nuaxLX.png\" alt=\"\" srcset=\"https:\/\/www.mapblog.xyz\/wp-content\/uploads\/2026\/03\/nuaxLX.png 815w, https:\/\/www.mapblog.xyz\/wp-content\/uploads\/2026\/03\/nuaxLX-600x164.png 600w, https:\/\/www.mapblog.xyz\/wp-content\/uploads\/2026\/03\/nuaxLX-768x210.png 768w\" sizes=\"auto, (max-width: 450px) 100vw, 450px\" \/><\/p>\n\n\n<\/div>\n\n<div style=\"border: 3px solid #cf2e2e; border-radius: 0%; background-color: inherit; \" class=\"ub-styled-box ub-bordered-box wp-block-ub-styled-box\" id=\"ub-styled-box-2eb6bfbc-277b-4b77-ba34-75b2a2d386ca\">\n<p id=\"ub-styled-box-bordered-content-\">&#8220;Bianka(41) macht Jagd auf P\u00e4dophile&#8221;<br><br><img loading=\"lazy\" decoding=\"async\" width=\"450\" height=\"145\" class=\"wp-image-1613\" style=\"width: 450px;\" src=\"https:\/\/www.mapblog.xyz\/wp-content\/uploads\/2026\/03\/BQMjeK.png\" alt=\"\" srcset=\"https:\/\/www.mapblog.xyz\/wp-content\/uploads\/2026\/03\/BQMjeK.png 777w, https:\/\/www.mapblog.xyz\/wp-content\/uploads\/2026\/03\/BQMjeK-600x193.png 600w, https:\/\/www.mapblog.xyz\/wp-content\/uploads\/2026\/03\/BQMjeK-768x247.png 768w\" sizes=\"auto, (max-width: 450px) 100vw, 450px\" \/><\/p>\n\n\n<\/div>","protected":false},"excerpt":{"rendered":"<p>Immer wieder Verbreiten Medien teils Gef\u00e4hrliche Falschinformationen und stacheln indirekt oder direkt zu Hass und Gewalt gegen P\u00e4dophilen Menschen auf, hier k\u00f6nnt ihr mal ein paar Beispiele sehen.<\/p>\n","protected":false},"author":1,"featured_media":0,"parent":0,"menu_order":0,"comment_status":"closed","ping_status":"closed","template":"","meta":{"footnotes":""},"class_list":["post-1100","page","type-page","status-publish","hentry"],"aioseo_notices":[],"featured_image_src":null,"_links":{"self":[{"href":"https:\/\/www.mapblog.xyz\/index.php?rest_route=\/wp\/v2\/pages\/1100","targetHints":{"allow":["GET"]}}],"collection":[{"href":"https:\/\/www.mapblog.xyz\/index.php?rest_route=\/wp\/v2\/pages"}],"about":[{"href":"https:\/\/www.mapblog.xyz\/index.php?rest_route=\/wp\/v2\/types\/page"}],"author":[{"embeddable":true,"href":"https:\/\/www.mapblog.xyz\/index.php?rest_route=\/wp\/v2\/users\/1"}],"replies":[{"embeddable":true,"href":"https:\/\/www.mapblog.xyz\/index.php?rest_route=%2Fwp%2Fv2%2Fcomments&post=1100"}],"version-history":[{"count":8,"href":"https:\/\/www.mapblog.xyz\/index.php?rest_route=\/wp\/v2\/pages\/1100\/revisions"}],"predecessor-version":[{"id":1614,"href":"https:\/\/www.mapblog.xyz\/index.php?rest_route=\/wp\/v2\/pages\/1100\/revisions\/1614"}],"wp:attachment":[{"href":"https:\/\/www.mapblog.xyz\/index.php?rest_route=%2Fwp%2Fv2%2Fmedia&parent=1100"}],"curies":[{"name":"wp","href":"https:\/\/api.w.org\/{rel}","templated":true}]}}