{"id":1107,"date":"2025-03-12T15:05:06","date_gmt":"2025-03-12T15:05:06","guid":{"rendered":"https:\/\/www.mapblog.xyz\/?page_id=1107"},"modified":"2026-04-29T16:33:09","modified_gmt":"2026-04-29T16:33:09","slug":"beispiele-zur-diskriminierung","status":"publish","type":"page","link":"https:\/\/www.mapblog.xyz\/?page_id=1107","title":{"rendered":"\ud83c\udde9\ud83c\uddea Beispiele zur Diskriminierung"},"content":{"rendered":"\n<p>P\u00e4dophile Menschen werden nicht nur in den Medien, sondern vor allem auch immer wieder durch den Deutschen Staat diskriminiert, ich kann davon genug eigene Storys erz\u00e4hlen, aber hier mal ein paar Beispiele, zum Teil aus der Juristerei, aber auch pers\u00f6nliche Beispiele.<\/p>\n\n\n<div style=\"border: 3px solid #cf2e2e; border-radius: 0%; background-color: inherit; \" class=\"ub-styled-box ub-bordered-box wp-block-ub-styled-box\" id=\"ub-styled-box-3e7dcc04-4f9d-486f-ba85-a61bff924420\">\n<p id=\"ub-styled-box-bordered-content-\"><a href=\"https:\/\/openjur.de\/u\/2206570.html\" title=\"\">VG L\u00fcneburg, Urteil vom 14.11.2017 &#8211; 4 A 16\/16<\/a><br><br>&#8220;Nach Ansicht der Kammer ist eine Pflegeperson, bei der strafrechtlich relevante Missbrauchsabbildungen aufgefunden werden, dann als <strong>ungeeignet im Sinne der Jugendhilfe<\/strong> anzusehen, wenn<br>[&#8230;] nicht auszuschlie\u00dfen ist, dass die Pflegeperson <strong>p\u00e4dophil bzw. hebephil veranlagt ist<\/strong>.&#8221;<\/p>\n\n\n\n<p>&#8220;Zwar gelingt es einem Teil der betroffenen Personen ihre sexuellen Impulse auf der Fantasieebene zu belassen, jedoch besteht stets die latente Gefahr, dass das sexuelle Verlangen nach Kindern\/Jugendlichen in konkrete Missbrauchshandlungen umschlagen kann. Es ist jedenfalls nicht zu beanstanden, wenn die Jugend\u00e4mter bei der Suche nach Pflegepersonen <strong>im besonderem Ma\u00dfe darauf achtet, dass entsprechende Neigungen nicht vorliegen<\/strong>.&#8221;<\/p>\n\n\n\n<p><\/p>\n\n\n<\/div>\n\n<div style=\"border: 3px solid #cf2e2e; border-radius: 0%; background-color: inherit; \" class=\"ub-styled-box ub-bordered-box wp-block-ub-styled-box\" id=\"ub-styled-box-dbba2c4a-b732-41f4-ab89-f166bf777a02\">\n<p id=\"ub-styled-box-bordered-content-\"><a href=\"https:\/\/openjur.de\/u\/2206570.html\" title=\"\"><\/a><a href=\"https:\/\/openjur.de\/ni\/vg_luneburg.html\">VG L\u00fcneburg<\/a>, Urteil vom 14.11.2017 &#8211; 4 A 16\/16<br><br>&#8220;<strong>3. Konsum von kinder- und\/oder jugendpornografischem Material kann als Indiz f\u00fcr p\u00e4dophile bzw. hebephile Neigungen herangezogen werden und kann die Ungeeignetheit einer Pflegeperson begr\u00fcnden.<\/strong>&#8220;<\/p>\n\n\n<\/div>\n\n<div style=\"border: 3px solid #cf2e2e; border-radius: 0%; background-color: inherit; \" class=\"ub-styled-box ub-bordered-box wp-block-ub-styled-box\" id=\"ub-styled-box-616aac19-58d4-4e20-95ea-5bbbe859e720\">\n<p id=\"ub-styled-box-bordered-content-\"><a href=\"https:\/\/www.welt.de\/wissenschaft\/plus249820552\/Kindesmissbrauch-Tests-entwickelt-um-Maenner-mit-sexueller-Vorliebe-fuer-Kinder-zu-erkennen.html\" title=\"\">So lie\u00dfe sich Missbrauch von Kindern vorbeugen<\/a><br><br>Dieser Herr Professor Rainer Banse hat &#8220;angeblich&#8221; eine streng geheime Testmethode Entwickelt um P\u00e4dophile Menschen zu &#8220;Erkennen&#8221; und nutzt diese Streng Geheim in Institutionen um Menschen die mit Kindern Arbeiten wollen auf P\u00e4dophilie zu Testen, und sondert diese dann aus, sodass den Bewerbern zwar mitgeteilt wird sie bekommen einen bestimmten job nicht, aber nicht wieso.<br><br><em>Die Daten sagen auch: Wer mit einer sexuellen Vorliebe f\u00fcr Kinder mit Kindern arbeitet, der hat ein hohes Risiko, \u00fcbergriffig zu werden, nahe an 50 Prozent.<\/em><br><br><em>Ein Psychologe hat Tests entwickelt, um M\u00e4nner mit sexueller Vorliebe f\u00fcr Kinder zu erkennen. Dadurch lie\u00dfen sich die meisten potenziellen T\u00e4ter identifizieren \u2013 die dann nicht in Kinderg\u00e4rten, Schulen oder Sportvereinen arbeiten w\u00fcrden. Eine Idee f\u00fcr die Kirchen?<\/em><br><br><em>M\u00e4nner, die sich sexuell von Kindern angezogen f\u00fchlen, stehen gesellschaftlich ganz unten. Es scheint so eine stille \u00dcbereinkunft zu geben, dass man ihnen gegen\u00fcber die \u00fcbelsten Gewaltfantasien haben darf.<\/em><br><br><em>Herr Banse, unter Kollegen hei\u00dft es, Sie h\u00e4tten Auftraggeber, f\u00fcr die Sie M\u00e4nner mit sexuellem Interesse an Kindern herausfiltern, damit diese gar nicht erst in Risikobereichen arbeiten. Stimmt das?<\/em>  <strong>(anmerkung consuela: menschen aufgrund ihrer Sexualit\u00e4t vorzudiskriminieren ist illegal)<\/strong><br><br><em>Grunds\u00e4tzlich sind da zwei Gruppen zu unterscheiden: Einmal T\u00e4tigkeiten, f\u00fcr die ungelernte Kr\u00e4fte oder Ehrenamtler gesucht werden. Diese Bewerber haben sich nicht lange darauf vorbereitet, sie verlieren nicht so viel, wenn sie f\u00e4lschlicherweise aussortiert werden, ihr Nachteil ist \u00fcberschaubar. Aber dann sind da nat\u00fcrlich auch Erzieher, Lehrer, Pfarrer, Mitarbeiter im Jugendamt, sie alle haben eine lange Ausbildung absolviert oder studiert. Ihnen wegen eines falsch-positiven Befundes den Zugang zu dem von ihnen angestrebten Beruf zu verweigern, ist ethisch sehr problematisch.<\/em><\/p>\n\n\n<\/div>\n\n<div style=\"border: 3px solid #cf2e2e; border-radius: 0%; background-color: inherit; \" class=\"ub-styled-box ub-bordered-box wp-block-ub-styled-box\" id=\"ub-styled-box-54ce19bd-9ba4-4c3b-9844-68107175dbcc\">\n<p id=\"ub-styled-box-bordered-content-\">Einfach nur einen Platz zu suchen, um \u00fcber seine Sexualit\u00e4t zu reden, kann schon Diskriminierung bedeuten, die meisten Social Media Plattformen werfen dich sofort heraus, aber hier mal ein anderes Beispiel, ein Domainanbieter, der wegen &#8220;Verbotener Aktivit\u00e4ten&#8221; sprich \u00f6ffentliche Meinungs\u00e4u\u00dferung meine Domain sperrt (immerhin durfte ich sie umziehen).<br><br><img loading=\"lazy\" decoding=\"async\" width=\"450\" height=\"661\" class=\"wp-image-1136\" style=\"width: 450px;\" src=\"https:\/\/www.mapblog.xyz\/wp-content\/uploads\/2025\/03\/1474-4bZ9vLl.png\" alt=\"\" srcset=\"https:\/\/www.mapblog.xyz\/wp-content\/uploads\/2025\/03\/1474-4bZ9vLl.png 628w, https:\/\/www.mapblog.xyz\/wp-content\/uploads\/2025\/03\/1474-4bZ9vLl-204x300.png 204w\" sizes=\"auto, (max-width: 450px) 100vw, 450px\" \/><\/p>\n\n\n<\/div>\n\n<div style=\"border: 3px solid #cf2e2e; border-radius: 0%; background-color: inherit; \" class=\"ub-styled-box ub-bordered-box wp-block-ub-styled-box\" id=\"ub-styled-box-ca71e585-1e64-4819-b277-0439b9ccf216\">\n<p id=\"ub-styled-box-bordered-content-\"><a href=\"https:\/\/www.ruhrnachrichten.de\/selm\/kinderporno-verdacht-doch-kaum-jemand-kommt-zum-infotermin-kein-wunder-bei-dieser-einladung-w1007818-2001588652\/\" title=\"\">Kinderpornografie-Verdacht im Umfeld einer Tagesmutter in Selm Erlaubnis vorl\u00e4ufig entzogen<\/a><\/p>\n\n\n\n<p><a href=\"https:\/\/www.ruhrnachrichten.de\/selm\/kinderporno-verdacht-doch-kaum-jemand-kommt-zum-infotermin-kein-wunder-bei-dieser-einladung-w1007818-2001588652\/\" title=\"\">Kinderporno-Verdacht, doch kaum jemand kommt zum Infotermin Kein Wunder &#8211; bei dieser Einladung<\/a><br><br><em>&#8220;Ein Verdachtsfall von Kinderpornografie im Umfeld einer Tagesmutter in Selm sorgt f\u00fcr Aufsehen. Wie die Stadt am Donnerstag (6. M\u00e4rz) in einer Pressemitteilung bekanntgibt, hatte die Staatsanwaltschaft Dortmund Mitte Februar die Verwaltung \u00fcber die Ermittlungen informiert. Ein Mann, der in der Vergangenheit in Kontakt mit einer Tagespflegeperson stand, stehe demnach im Verdacht, kinderpornografisches Material besessen und verbreitet zu haben.&#8221;<\/em><br><br><strong>Hinweis<\/strong> Consuela: Eine Tagesmutter hatte <strong>in der Vergangenheit<\/strong> Kontakt zu einem Mann, gegen den jetzt wegen Kinderpornografie ermittelt wird, daraus resultierend, wird ihr vorl\u00e4ufig die Erlaubnis als Tagesmutter entzogen, als ob dieses nicht schon von vorneherein an eine Kontaktschuld wie aus diktatorischen L\u00e4ndern bekannt grenzt, wird die Betroffene Tagesmutter dahingehend <strong>noch mehr<\/strong> stigmatisiert, indem hier geheime Ermittlungsdetails vom Staat an die Eltern der Betroffenen Kinder weitergegeben werden, obwohl die Dame mit dem Fall nicht mal etwas zu tun hat. <\/p>\n\n\n<\/div>\n\n<div style=\"border: 3px solid #cf2e2e; border-radius: 0%; background-color: inherit; \" class=\"ub-styled-box ub-bordered-box wp-block-ub-styled-box\" id=\"ub-styled-box-de19d107-3dc7-440e-85ac-77ffc99a93ba\">\n<p id=\"ub-styled-box-bordered-content-\"><a href=\"https:\/\/www.stimme.de\/hohenlohe\/umgang-straftaeter-paedophiler-oehringen-familie-angst-warnung-art-5153551\" target=\"_blank\" rel=\"noreferrer noopener\">https:\/\/www.stimme.de\/hohenlohe\/umgang-straftaeter-paedophiler-oehringen-familie-angst-warnung-art-5153551<\/a><br><a href=\"https:\/\/www.stimme.de\/hohenlohe\/oehringen-gzs-kurs-datenschutz-cagdas-karakurt-lfdi-baden-wuerttemberg-programm-art-5153871\" target=\"_blank\" rel=\"noreferrer noopener\">https:\/\/www.stimme.de\/hohenlohe\/oehringen-gzs-kurs-datenschutz-cagdas-karakurt-lfdi-baden-wuerttemberg-programm-art-5153871<\/a><br><a href=\"https:\/\/www.stimme.de\/hohenlohe\/oehringen-sexualstraftaeter-warnung-familie-gsz-kurs-polizei-ob-wegener-lka-art-5154037\" target=\"_blank\" rel=\"noreferrer noopener\">https:\/\/www.stimme.de\/hohenlohe\/oehringen-sexualstraftaeter-warnung-familie-gsz-kurs-polizei-ob-wegener-lka-art-5154037<\/a><\/p>\n\n\n\n<p><em>R\u00fcckfallgef\u00e4hrdete Sexualstraft\u00e4ter werden mit einem speziellen Programm (GZS KURS) engmaschig \u00fcberwacht. Zum Konzept, das weitere Straftaten verhindern will, geh\u00f6rt auch, <strong>dass die Umgebung des verurteilten und entlassenen und als r\u00fcckfallgef\u00e4hrdet beurteilten Straft\u00e4ters gewarnt wird.<\/strong> So geschehen in \u00d6hringen.<\/em><\/p>\n\n\n\n<p>Kommentar: Jemand wurde wegen einer Straftat verurteilt, hat seine Strafe verb\u00fc\u00dft, keine Sicherheitsverwahrung erhalten, zieht jetzt in eine Wohnung, und die Polizei geht jetzt \u00fcberall in der Nachbarschaft umher und \u201cwarnt\u201d die Menschen vor dieser Person, das sind Methoden die an \u00fcbelste Zeiten erinnern.<\/p>\n\n\n<\/div>\n\n<div style=\"border: 3px solid #cf2e2e; border-radius: 0%; background-color: inherit; \" class=\"ub-styled-box ub-bordered-box wp-block-ub-styled-box\" id=\"ub-styled-box-de0e4343-7436-4845-9b8f-9cf104080623\">\n<p id=\"ub-styled-box-bordered-content-\"><a href=\"https:\/\/www.come-on.de\/luedenscheid\/kinderpfleger-bezeichnet-sich-selbst-als-paedophil-prozess-endet-mit-freispruch-94125918.html\">https:\/\/www.come-on.de\/luedenscheid\/kinderpfleger-bezeichnet-sich-selbst-als-paedophil-prozess-endet-mit-freispruch-94125918.html<\/a><br><br>Der gelernte Kinderpfleger, vormals angestellt in einer L\u00fcdenscheider Jugendeinrichtung, <strong>bat bei der Bundesagentur f\u00fcr Arbeit um einen neuen Job<\/strong>. Seine Begr\u00fcndung: <strong>Er habe p\u00e4dophile Neigungen an sich festgestellt und wolle nicht mehr mit Kindern und Jugendlichen arbeiten.<\/strong> Nun ist er wegen des Besitzes kinderpornografischer Bilder angeklagt, ist arbeitslos und in ein anderes Bundesland umgezogen.<br><br>Der zust\u00e4ndige Abteilungsleiter der Bundesagentur <strong>rief nach dem \u201eOuting\u201c seines Kunden umgehend bei der Kripo an und meldete den Fall.<\/strong> Das Ermittlungsverfahren rollte an. <strong>Die Staatsanwaltschaft beantragte einen Durchsuchungsbeschluss.<\/strong> Am 6. Februar 2024 stellten Polizisten das Smartphone des Verd\u00e4chtigen sicher \u2013 und stie\u00dfen auf 26 Dateien, in denen kleine Jungen bei gegenseitigen sexuellen Handlungen abgebildet sind.<\/p>\n\n\n\n<p>Ein erfahrener Kripobeamter (58) hat im Ermittlungsverfahren die polizeiliche Datenbank angezapft und die Vergangenheit des Beschuldigten durchleuchtet. Dabei, erkl\u00e4rt er im Zeugenstand, habe er festgestellt: \u201eEr sieht sich zwar selbst als P\u00e4dophilen. Aber er hat nie Kinder angefasst.\u201c Und bei der Durchsicht des Materials vom Handy des Mannes kommt er zu dem Schluss: \u201e<strong>Das sind eindeutig fiktionale Darstellungen \u2013 eher comic-artig.<\/strong>\u201c<br><br>Wenn Kindern demnach real keine sexuelle Gewalt angetan wurde, um verbotenes Material herzustellen, <strong>und es sich stattdessen \u201enur\u201c um computer- und KI-generierte Bilder handelt, ist der Vorwurf des illegalen Besitzes kinderpornografischer Dateien nicht zu halten. <\/strong>Die Staatsanw\u00e4ltin lenkt ein. \u201eDas erf\u00fcllt keinen Straftatbestand.\u201c Melina Kossinis pl\u00e4diert auf Freispruch. Strafverteidigerin Sch\u00f6neke\u00df klappt die Akte zu. \u201eDamit ist die notwendige Gerechtigkeit hergestellt.\u201c<\/p>\n\n\n\n<p>Ausf\u00fchrlicher Kommentar hier: https:\/\/www.mapblog.xyz\/?p=1605<\/p>\n\n\n<\/div>\n\n<div style=\"border: 3px solid #cf2e2e; border-radius: 0%; background-color: inherit; \" class=\"ub-styled-box ub-bordered-box wp-block-ub-styled-box\" id=\"ub-styled-box-6c1b3df4-f47c-4fab-9017-96143c04c32d\">\n<p id=\"ub-styled-box-bordered-content-\"><strong><mark style=\"background-color:rgba(0, 0, 0, 0)\" class=\"has-inline-color has-vivid-red-color\">Pers\u00f6nlich:<\/mark><\/strong> 2021 habe ich eine Online-Werbung f\u00fcr KTW (Kein T\u00e4ter Werden) gesehen, die meinte das, wenn man Kinder mag, man sich mal an diese wenden sollte, ich hatte zwar keine Probleme mit meiner Sexualit\u00e4t, aber mit jemandem zu reden kann nie schaden, Wartezeit war 1,5 Jahre.<\/p>\n\n\n\n<p>Ich bin dann nach der Wartezeit dorthin eingeladen worden, und hab mich vorgestellt, der Therapeut war ganz nett, hat aber schon von vorneherein gemerkt, dass ich KTW nicht brauche, da ich mit meiner Sexualit\u00e4t sehr gut zurechtkomme und sie so ausleben kann, ohne jemandem zu schaden, und mich deswegen nicht schlecht f\u00fchle, also den Platz eher f\u00fcr richtige Probleme freimachen k\u00f6nnte, das Problem hierbei war aber die \u00c4rztin, die ich dort kennengelernt habe.<\/p>\n\n\n\n<p>Die \u00c4rztin, die ich kennengelernt habe, hat wohl, wie ich mir vorstellen kann mit vielen traurigen, biederen und sich wegen ihrer Sexualit\u00e4t selbst hassenden Menschen zu tun (<strong>kein Vorwurf<\/strong>), die sie sieht, und die eher Medikation zur Triebd\u00e4mpfung ben\u00f6tigen, ich war aber anders drauf, und wollte einfach nur ein kleines Antidepressivum, ich komme also in ihr Zimmer.<\/p>\n\n\n\n<p>Leuchtend rote Haare, Regenbogenschuhe, Regenbogentattoos, MAP-Pride Shirt, MAP und Regenbogen Armb\u00e4nder, Regenbogen\/Einhorn Hose, Regenbogenstr\u00fcmpfe und wie so oft gut drauf.<\/p>\n\n\n\n<p>Sie schaut mich b\u00f6se an, und meinte zu mir, \u201csie sehen so Jugendlich aus\u201d, ich bedanke mich bei ihr, sie meinte dann, \u201csie sehen so Bunt aus\u201d, ich bedanke mich wieder, sie Fragte dann, warum ich mich so Jugendlich und bunt anziehe, ob ich das vielleicht mache, um mich an Kinder heranzumachen?<\/p>\n\n\n\n<p>Ich bin gegangen und habe sie nie wieder aufgesucht, aber auch dem Therapeuten mitgeteilt, dass ich sie f\u00fcr eine Gefahr f\u00fcr ihre Patienten halte.<\/p>\n\n\n<\/div>\n\n<div style=\"border: 3px solid #cf2e2e; border-radius: 0%; background-color: inherit; \" class=\"ub-styled-box ub-bordered-box wp-block-ub-styled-box\" id=\"ub-styled-box-1793ebf8-cef8-441b-b6cd-c139db37b959\">\n<p id=\"ub-styled-box-bordered-content-\"><strong><mark style=\"background-color:rgba(0, 0, 0, 0)\" class=\"has-inline-color has-vivid-red-color\">Pers\u00f6nlich:<\/mark><\/strong> Mitte 2023 kamen die Depressionen noch mal hoch, und mit ihr leichte Suizidgedanken, also hab ich einen Therapeuten f\u00fcr Depressionen gesucht, allerdings \u00fcberall eine mehrj\u00e4hrige Wartezeit bekommen, musste mich dementsprechend in der \u00f6rtlichen psychiatrischen Klinik vorstellen, wo ich schon mehrfach vorstellig wurde, in den letzten Jahren aber immer mit Depressionen abgewiesen wurde.<\/p>\n\n\n\n<p>Diesmal kam ich zu einer Ober\u00e4rztin, die so aussah, als wollte sie mich gleich wieder wegschicken, aber konnte sie nicht wegen der leichten Suizidgedanken, ich wurde also zu einer Therapeutin geschickt, diese sollte 2 Termine mit mir machen 1 Vorstellungstermin und 1 Behandlungstermin, und dann Termine alle 6-8 Wochen.<\/p>\n\n\n\n<p>Ich kam zu der Therapeutin in das Zimmer, und sie stellte erst ein paar Standardfragen, und kam schon gleich darauf, auf meine Sexualit\u00e4t zu sprechen (die dort in den unterlagen stand, weil ich sie mal erw\u00e4hnte), ich lachte und versicherte ihr, das ich damit kein Problem habe und damit gut zurechtkomme, sie hat daraufhin immer wieder von meiner Sexualit\u00e4t angefangen, ich bat sie mehrmals dies zu unterlassen, da ich nicht deswegen da war, und sie meine pers\u00f6nlichen Grenzen verletzt, sie hielt sich nicht daran, bis ich ihre Fragen dahingehend ignorierte.<\/p>\n\n\n\n<p>Beim 2ten Termin hatte ich wie gefordert Bluttest und EKG dabei f\u00fcr Medikation, sie fing wieder von meiner Sexualit\u00e4t an, und ich ignorierte es wieder, sie meinte irgendwann ich h\u00e4tte weder Depressionen noch Suizidgedanken, und m\u00fcsste gehen da sie mir nicht helfen kann und will, und alle Probleme von meiner Sexualit\u00e4t herkommen (sie hatte kaum 10Minuten mit mir gesprochen) ich verneinte dies, sie Fragte mich noch, ob ich meine Sexualit\u00e4t auslebe, ich meinte nat\u00fcrlich, aber nur auf legalem Wege, ohne illegale dinge, und ohne jemandem zu schaden, daraufhin wurde ich gebeten zu gehen, und das ohne Medikation oder Hilfe.<\/p>\n\n\n\n<p>Ich war wieder mit meinen Problemen alleine und versuchte so weit durchzukommen, sie war damit aber noch lange nicht durch, wieso? Sie hat sich einen Plan ausgedacht, EINZIG ALLEINE weil da jemand ist, der mit seiner Sexualit\u00e4t zurechtkommt, mir zu versuchen das leben zu ruinieren, sie hat in ihre unterlagen eingetragen, dass ich angeblich illegale dinge Konsumieren w\u00fcrde, und hat die Kriminalpolizei &#8220;Anonym&#8221; angerufen, diese hat sich die Akte irgendwie schicken lassen, mit der Notiz sie w\u00e4re die Therapeutin, und trotz des Wissens, das es sich hierbei um eine Straftat handelt (Bruch der \u00e4rztlichen Schweigepflicht), hat die Kripo das ganze weitergeleitet und von der Staatsanwaltschaft eine Hausdurchsuchung bekommen.<\/p>\n\n\n\n<p>Am 15. Dezember 2023 war es dann so weit, morgens fr\u00fch hat es wieder geklingelt, ich hatte aber keine Angst, weil ich nichts gemacht hatte und auch nichts zu verbergen hatte, sie kamen rein und haben mit 5 Personen alles durchsucht, sehr schlimm fand ich den Text im Durchsuchungsbeschluss &#8220;es wird gebeten mehr Personen mitzunehmen, da beim letzten Mal nichts gefunden wurde, also nicht gr\u00fcndlich genug durchsucht wurde&#8221; sprich die Unschuldsvermutung gibt es faktisch nicht mehr, wenn nichts gefunden wurde, hei\u00dft das nicht, das jemand unschuldig ist, sondern das man einfach nicht gr\u00fcndlich genug gesucht hat.<\/p>\n\n\n\n<p>Dabei sollte ich alle m\u00f6glichen stigmatisierenden Fragen \u00fcber mich ergehen lassen, weil sie meinten, dass das ganze Verfahren so schneller durchgeht (falsch es hat trotzdem Ellenlos lang gedauert) zu den Fragen z\u00e4hlten unter anderem, ob ich mit Kindern arbeite, ob ich selbst welche h\u00e4tte, ob ich Kontakt zu welchen h\u00e4tte, warum ich soviel Retro Spielzeug und Konsolen h\u00e4tte etc. (Hinweis: Das ist eines der dinge f\u00fcr die ich mich einsetze, das sowas in Zukunft nicht mehr passiert)<\/p>\n\n\n\n<p>Der eine Beamte meinte dann noch, er m\u00fcsste eine erkennungsdienstliche Behandlung machen, ich verneinte dies da ich ja unschuldig bin, er meinte daraufhin: &#8220;dann nach dem Verfahren&#8221; ich verneinte dies auch, da es gar nicht erst zu einem Verfahren kommen wird, er meinte daraufhin er m\u00fcsste noch eine Leibesvisitation machen, ich stellte mich also hin und er hat mich \u00fcberall Betatscht, und JA auch dort, ich habe ihn dann mit der Hand zur\u00fcckgedr\u00e4ngt, weil ich mich von niemandem Sexuell missbrauchen lasse, auch nicht von der Polizei, aber da war es schon zu Sp\u00e4t, sie sind danach dann bald gegangen.<\/p>\n\n\n\n<p>Am n\u00e4chsten Tag habe ich von einer Haus\u00e4rztin dann als Notfall ein leichtes Antidepressiva bekommen, und im Krankenhaus angerufen, um den Namen meiner Therapeutin zu bekommen, um diese anzuzeigen, und habe so unglaublicherweise erfahren, das diese Kinder und Jugendtherapeutin ist, ich bin aus allen Wolken gefallen, und frage mich, ob das Fahrl\u00e4ssig oder mutwillig war, einem Minor Attracted (P\u00e4dophilen) eine solche Therapeutin vorzusetzen, die sich sicherlich auch mit Missbrauchsopfern befasst und dementsprechend nicht neutral sein kann.<\/p>\n\n\n\n<p>Es wurde mal wieder nichts gefunden, Menschen sagen mir immer ich soll mich freuen, da ich dadurch beweisen kann, das ich nichts Illegales tue, ich sehe das aber anders, weil ich es f\u00fcr sehr schlimm und diskriminierend halte, das Menschen im Jahre 2025 noch immer offenbar beweisen m\u00fcssen, das sie niemandem etwas tun oder illegale dinge Konsumieren, einzig alleine aufgrund ihrer Sexualit\u00e4t.<\/p>\n\n\n<\/div>\n\n\n<p><\/p>\n","protected":false},"excerpt":{"rendered":"<p>P\u00e4dophile Menschen werden nicht nur in den Medien, sondern vor allem auch immer wieder durch den Deutschen Staat diskriminiert, ich kann davon genug eigene Storys erz\u00e4hlen, aber hier mal ein paar Beispiele, zum Teil aus der Juristerei, aber auch pers\u00f6nliche Beispiele.<\/p>\n","protected":false},"author":1,"featured_media":0,"parent":0,"menu_order":0,"comment_status":"closed","ping_status":"closed","template":"","meta":{"footnotes":""},"class_list":["post-1107","page","type-page","status-publish","hentry"],"aioseo_notices":[],"featured_image_src":null,"_links":{"self":[{"href":"https:\/\/www.mapblog.xyz\/index.php?rest_route=\/wp\/v2\/pages\/1107","targetHints":{"allow":["GET"]}}],"collection":[{"href":"https:\/\/www.mapblog.xyz\/index.php?rest_route=\/wp\/v2\/pages"}],"about":[{"href":"https:\/\/www.mapblog.xyz\/index.php?rest_route=\/wp\/v2\/types\/page"}],"author":[{"embeddable":true,"href":"https:\/\/www.mapblog.xyz\/index.php?rest_route=\/wp\/v2\/users\/1"}],"replies":[{"embeddable":true,"href":"https:\/\/www.mapblog.xyz\/index.php?rest_route=%2Fwp%2Fv2%2Fcomments&post=1107"}],"version-history":[{"count":29,"href":"https:\/\/www.mapblog.xyz\/index.php?rest_route=\/wp\/v2\/pages\/1107\/revisions"}],"predecessor-version":[{"id":1630,"href":"https:\/\/www.mapblog.xyz\/index.php?rest_route=\/wp\/v2\/pages\/1107\/revisions\/1630"}],"wp:attachment":[{"href":"https:\/\/www.mapblog.xyz\/index.php?rest_route=%2Fwp%2Fv2%2Fmedia&parent=1107"}],"curies":[{"name":"wp","href":"https:\/\/api.w.org\/{rel}","templated":true}]}}