{"id":1155,"date":"2025-03-12T20:32:15","date_gmt":"2025-03-12T20:32:15","guid":{"rendered":"https:\/\/www.mapblog.xyz\/?page_id=1155"},"modified":"2025-04-24T21:11:28","modified_gmt":"2025-04-24T21:11:28","slug":"positive-beispiele-uber-minor-attraction","status":"publish","type":"page","link":"https:\/\/www.mapblog.xyz\/?page_id=1155","title":{"rendered":"\ud83c\udde9\ud83c\uddea Positive Berichte \u00fcber Ansprechbarkeit auf Minderj\u00e4hrige"},"content":{"rendered":"\n<p>Hier findet ihr Positive Beispiele und Berichte \u00fcber Minor Attraction<\/p>\n\n\n<div style=\"border: 3px solid #cf2e2e; border-radius: 0%; background-color: inherit; \" class=\"ub-styled-box ub-bordered-box wp-block-ub-styled-box\" id=\"ub-styled-box-3713f943-d4fa-4692-8922-6f92b9fcf609\">\n<p id=\"ub-styled-box-bordered-content-\">Prof. Dr. Beier kl\u00e4rt hier sehr sch\u00f6n \u00fcber Minor Attracted Persons bzw. P\u00e4dophilie auf, z.B. dar\u00fcber, dass es im neusten ICD-11in den meisten F\u00e4llen zur &#8220;p\u00e4dophile sexuellen Orientierung&#8221; z\u00e4hlt, und nicht mehr zur sexuellen Pr\u00e4ferenzst\u00f6rung.<img loading=\"lazy\" decoding=\"async\" width=\"750\" height=\"422\" class=\"wp-image-1159\" style=\"width: 750px;\" src=\"https:\/\/www.mapblog.xyz\/wp-content\/uploads\/2025\/03\/1632-PyjsayN.png\" alt=\"\" srcset=\"https:\/\/www.mapblog.xyz\/wp-content\/uploads\/2025\/03\/1632-PyjsayN.png 1920w, https:\/\/www.mapblog.xyz\/wp-content\/uploads\/2025\/03\/1632-PyjsayN-300x169.png 300w, https:\/\/www.mapblog.xyz\/wp-content\/uploads\/2025\/03\/1632-PyjsayN-1024x576.png 1024w, https:\/\/www.mapblog.xyz\/wp-content\/uploads\/2025\/03\/1632-PyjsayN-768x432.png 768w, https:\/\/www.mapblog.xyz\/wp-content\/uploads\/2025\/03\/1632-PyjsayN-1536x864.png 1536w, https:\/\/www.mapblog.xyz\/wp-content\/uploads\/2025\/03\/1632-PyjsayN-1280x720.png 1280w\" sizes=\"auto, (max-width: 750px) 100vw, 750px\" \/><\/p>\n\n\n<\/div>\n\n\n<p><br><\/p>\n\n\n<div style=\"border: 3px solid #cf2e2e; border-radius: 0%; background-color: inherit; \" class=\"ub-styled-box ub-bordered-box wp-block-ub-styled-box\" id=\"ub-styled-box-ebaae407-395a-4b57-821e-8a8085b75e8c\">\n<p id=\"ub-styled-box-bordered-content-\">Ein Artikel kl\u00e4rt auf, das P\u00e4dophilie nicht gleich Kindesmissbrauch bedeutet<br><img loading=\"lazy\" decoding=\"async\" width=\"550\" height=\"159\" class=\"wp-image-1160\" style=\"width: 550px;\" src=\"https:\/\/www.mapblog.xyz\/wp-content\/uploads\/2025\/03\/f3055d739c288117.png\" alt=\"\" srcset=\"https:\/\/www.mapblog.xyz\/wp-content\/uploads\/2025\/03\/f3055d739c288117.png 784w, https:\/\/www.mapblog.xyz\/wp-content\/uploads\/2025\/03\/f3055d739c288117-300x86.png 300w, https:\/\/www.mapblog.xyz\/wp-content\/uploads\/2025\/03\/f3055d739c288117-768x221.png 768w\" sizes=\"auto, (max-width: 550px) 100vw, 550px\" \/><\/p>\n\n\n<\/div>\n\n<div style=\"border: 3px solid #cf2e2e; border-radius: 0%; background-color: inherit; \" class=\"ub-styled-box ub-bordered-box wp-block-ub-styled-box\" id=\"ub-styled-box-32f815dc-9b2e-40ba-a948-a96a8436e1ef\">\n<p id=\"ub-styled-box-bordered-content-\">Ein User auf Twitter kl\u00e4rt zu P\u00e4dophilie auf.<\/p>\n\n\n\n<p><img loading=\"lazy\" decoding=\"async\" width=\"550\" height=\"628\" class=\"wp-image-1161\" style=\"width: 550px;\" src=\"https:\/\/www.mapblog.xyz\/wp-content\/uploads\/2025\/03\/2987-Ejt7xFb.png\" alt=\"\" srcset=\"https:\/\/www.mapblog.xyz\/wp-content\/uploads\/2025\/03\/2987-Ejt7xFb.png 609w, https:\/\/www.mapblog.xyz\/wp-content\/uploads\/2025\/03\/2987-Ejt7xFb-263x300.png 263w\" sizes=\"auto, (max-width: 550px) 100vw, 550px\" \/><\/p>\n\n\n<\/div>\n\n<div style=\"border: 3px solid #cf2e2e; border-radius: 0%; background-color: inherit; \" class=\"ub-styled-box ub-bordered-box wp-block-ub-styled-box\" id=\"ub-styled-box-b2749646-7191-4d14-a34a-14ea78a193f6\">\n<p id=\"ub-styled-box-bordered-content-\">Eine AfD &#8220;Politikerin&#8221; meint, Menschen wie uns, und einer Website welche Freunde betreiben, w\u00fcrde zu Missbrauch aufrufen, sie wird darauf aufgekl\u00e4rt, dass diese Menschen anderen Hilfe anbieten, BEVOR es \u00fcberhaupt zu Missbrauch kommt.<\/p>\n\n\n\n<p><img loading=\"lazy\" decoding=\"async\" width=\"450\" height=\"378\" class=\"wp-image-1162\" style=\"width: 450px;\" src=\"https:\/\/www.mapblog.xyz\/wp-content\/uploads\/2025\/03\/3146-Jbt5UHd.png\" alt=\"\" srcset=\"https:\/\/www.mapblog.xyz\/wp-content\/uploads\/2025\/03\/3146-Jbt5UHd.png 609w, https:\/\/www.mapblog.xyz\/wp-content\/uploads\/2025\/03\/3146-Jbt5UHd-300x252.png 300w\" sizes=\"auto, (max-width: 450px) 100vw, 450px\" \/><\/p>\n\n\n<\/div>\n\n<div style=\"border: 3px solid #cf2e2e; border-radius: 0%; background-color: inherit; \" class=\"ub-styled-box ub-bordered-box wp-block-ub-styled-box\" id=\"ub-styled-box-def94a44-9d69-4c83-958c-4f4b75976e42\">\n<p id=\"ub-styled-box-bordered-content-\">Google hat eine \u00e4u\u00dferst positive Einstellung zu Minor Attraction, besonders die rechte Seite.<br><br><img loading=\"lazy\" decoding=\"async\" width=\"750\" height=\"568\" class=\"wp-image-1163\" style=\"width: 750px;\" src=\"https:\/\/www.mapblog.xyz\/wp-content\/uploads\/2025\/03\/2964-fFmjPm0.png\" alt=\"\" srcset=\"https:\/\/www.mapblog.xyz\/wp-content\/uploads\/2025\/03\/2964-fFmjPm0.png 1177w, https:\/\/www.mapblog.xyz\/wp-content\/uploads\/2025\/03\/2964-fFmjPm0-300x227.png 300w, https:\/\/www.mapblog.xyz\/wp-content\/uploads\/2025\/03\/2964-fFmjPm0-1024x775.png 1024w, https:\/\/www.mapblog.xyz\/wp-content\/uploads\/2025\/03\/2964-fFmjPm0-768x581.png 768w\" sizes=\"auto, (max-width: 750px) 100vw, 750px\" \/><\/p>\n\n\n<\/div>","protected":false},"excerpt":{"rendered":"<p>Hier findet ihr Positive Beispiele und Berichte \u00fcber Minor Attraction<\/p>\n","protected":false},"author":1,"featured_media":0,"parent":0,"menu_order":0,"comment_status":"closed","ping_status":"closed","template":"","meta":{"footnotes":""},"class_list":["post-1155","page","type-page","status-publish","hentry"],"aioseo_notices":[],"featured_image_src":null,"_links":{"self":[{"href":"https:\/\/www.mapblog.xyz\/index.php?rest_route=\/wp\/v2\/pages\/1155","targetHints":{"allow":["GET"]}}],"collection":[{"href":"https:\/\/www.mapblog.xyz\/index.php?rest_route=\/wp\/v2\/pages"}],"about":[{"href":"https:\/\/www.mapblog.xyz\/index.php?rest_route=\/wp\/v2\/types\/page"}],"author":[{"embeddable":true,"href":"https:\/\/www.mapblog.xyz\/index.php?rest_route=\/wp\/v2\/users\/1"}],"replies":[{"embeddable":true,"href":"https:\/\/www.mapblog.xyz\/index.php?rest_route=%2Fwp%2Fv2%2Fcomments&post=1155"}],"version-history":[{"count":6,"href":"https:\/\/www.mapblog.xyz\/index.php?rest_route=\/wp\/v2\/pages\/1155\/revisions"}],"predecessor-version":[{"id":1368,"href":"https:\/\/www.mapblog.xyz\/index.php?rest_route=\/wp\/v2\/pages\/1155\/revisions\/1368"}],"wp:attachment":[{"href":"https:\/\/www.mapblog.xyz\/index.php?rest_route=%2Fwp%2Fv2%2Fmedia&parent=1155"}],"curies":[{"name":"wp","href":"https:\/\/api.w.org\/{rel}","templated":true}]}}