{"id":1236,"date":"2025-03-17T19:47:51","date_gmt":"2025-03-17T19:47:51","guid":{"rendered":"https:\/\/www.mapblog.xyz\/?page_id=1236"},"modified":"2025-04-24T21:10:38","modified_gmt":"2025-04-24T21:10:38","slug":"anzeigen","status":"publish","type":"page","link":"https:\/\/www.mapblog.xyz\/?page_id=1236","title":{"rendered":"\ud83c\udde9\ud83c\uddea Anzeigen!"},"content":{"rendered":"\n<p>Hallo, ich habe seit Anfang 2022, 36 anzeigen geschrieben, sowohl gegen Rechte, Schwurbler, Hacker, Volksverhetzer, Queerphobe Personen, AfD Politiker, psychisch Kranke selbsternannte &#8220;Kindersch\u00fctzer&#8221; und \u00e4hnliches, hier mal eine kleine Aufz\u00e4hlung von denen, wo ich nachvollziehen konnte, worum es geht, weil die Schreiben der Staatsanwaltschaft immer sehr allgemein gehalten sind und ich mich an einige F\u00e4lle nicht mehr erinnere, hier sehr ihr mal, wie m\u00fchselig das Ganze ist, und wie der Staat sich einfach nicht f\u00fcr Opferschutz interessiert, allerdings ist zu erw\u00e4hnen, es laufen noch eine Menge hochkar\u00e4tiger Anzeigen, teilweise seit Jahren, die zu Verurteilung f\u00fchren sollten.<\/p>\n\n\n\n<table>\n  <tr>\n    <th>Nr.<\/th>\n    <th>Angezeigte Person<\/th>\n    <th>Grund?<\/th>\n    <th>Kommentar<\/th>\n<th>Ausgang<\/th>\n  \n  <tr>\n    <td>1<\/td>\n    <td>Unbekannt<\/td>\n    <td>Verleumdung, Gef\u00e4hrdetes Verbreiten<\/td>\n    <td>Person hat in meiner Nachbarschaft Flyer aufgehangen um zu Hass aufzurufen, Person konnte nicht Identifiziert werden, und Fingerabdr\u00fccke gab es auch nicht<\/td>\n    <td><font color=\"red\">Eingestellt <\/font><\/td>\n  <\/tr>\n  <tr>\n    <td>2<\/td>\n    <td>Herbert Reul<\/td>\n    <td>Verhetzende Beleidigung, Volksverhetzungn<\/td>\n    <td>Person hat im Internet zu Hass aufgerufen und Menschen Bedroht mit dem Satz &#8220;&#8221;Ich kann allen P\u00e4dophilen nur sagen: Wir kriegen Euch! Vielleicht nicht heute, aber eines Tages stehen wir vor Eurer T\u00fcr. L\u00fcgde, Bergisch Gladbach, M\u00fcnster und jetzt Wermelskirchen&#8221;, wurde eingestellt weil &#8220;er hat ja die Straft\u00e4ter gemeint, und nicht euch&#8221;<\/td>\n    <td><font color=\"red\">Eingestellt <\/font><\/td>\n  <\/tr>\n    <td>3<\/td>\n    <td>Kinderseelensch\u00fctzer e.V.<\/td>\n    <td>Verhetzende Beleidigung, Volksverhetzung<\/td>\n    <td>Person hat auf Facebook ein Hassposting zum Pride Day, dem &#8220;Alice Day&#8221; verfasst indem sie uns mit Straftaten in verbindung gebracht haben, es gibt &#8220;keine gen\u00fcgenden Anhaltspunkte&#8221;<\/td>\n    <td><font color=\"red\">Eingestellt <\/font><\/td>\n  <\/tr>\n    <td>4<\/td>\n    <td>B\u00fcndnis Kinderschutz \u00d6sterreich\/Carsten S.<\/td>\n    <td>Verhetzende Beleidigung, Volksverhetzung<\/td>\n    <td>Person hat auf Facebook ein Hassposting zum Pride Day, dem &#8220;Alice Day&#8221; verfasst indem sie uns mit Straftaten in verbindung gebracht haben, Anzeige wurde eingestellt, weil die Seite 3 Administratoren hat und man nicht zweifelsfrei sagen konnte, wer f\u00fcr den Post verantwortlich ist (sp\u00e4ter konnte ich zum gl\u00fcck deren komplette seite auf Facebook und Instagram aber L\u00f6schen lassen)<\/td>\n <td><font color=\"red\">Eingestellt <\/font><\/td>\n<tr>\n    <td>5<\/td>\n    <td>CSD Stuttgart<\/td>\n    <td>Verhetzende Beleidigung, Volksverhetzung, Beleidigung<\/td>\n    <td>Eine Person diesen Vereins, hat auf Facebook in einer Privatnachricht gemeint, &#8220;man Akzeptiert keine Minor Attracted Persons, weil man sich gegen Kindesmissbrauch einsetzt&#8221; Anzeige wurde eingestellt, weil es in einer Privatnachricht war und daher nicht von \u00f6ffentlichem Interesse<\/td>\n    <td><font color=\"red\">Eingestellt <\/font><\/td>\n  <\/tr>\n<tr>\n    <td>6<\/td>\n    <td>Bj\u00f6rn S.<\/td>\n    <td>Gef\u00e4hrdetes Verbreiten Personenbezogener Daten<\/td>\n    <td>Person tauchte in meiner Nachbarschaft auf, hat Bilder er umgebung gemacht und zur Bedrohung mit Kompletter Anschrift auf Schwurbelkan\u00e4le auf Telegram Hochgeladen.<\/td>\n    <td><font color=\"yellow\">L\u00e4uft <\/font><\/td>\n  <\/tr>\n<tr>\n    <td>7<\/td>\n    <td>Monique K.<\/td>\n    <td>Bedrohung<\/td>\n    <td>Person hat auf Facebook \u00f6ffentlich bekundet &#8220;wenn ich dich jemals im RL erwische reiss ich dir dein T-Shirt vom Leib und Erdrossel dich damit&#8221; Person konnte trotz das sie ein Kosmetikstudio betreibt nicht aufgefunden werden.<\/td>\n    <td><font color=\"red\">Eingestellt <\/font><\/td>\n  <\/tr>\n<tr>\n    <td>8<\/td>\n    <td>Marvin O.<\/td>\n    <td>Bedrohung<\/td>\n    <td>Person hat auf Instagram ein Video hochgeladen, wo er mich und andere Bedrohte wir st\u00fcnden auf &#8220;seiner Abschussliste&#8221; Person ist wegen anderer Straftaten aus dem Land geflohen und konnte deswegen nicht mehr f\u00fcr den Staat ausfindig gemacht werden, Wir haben ihn aber mit mehreren Observiert, und gemerkt, das er auf <a href=\"https:\/\/x.com\/MySelf_Jeffrey\/status\/1598751674696278016\/photo\/1\">Instagram Kinderpornografie Verbreitet<\/a> seine Instagram seite mit 100k followern l\u00f6schen lassen, und Arbeitgeber die Bundeswehr kontaktiert, welche ihn dann unehrenhaft entlassen haben, und er hat eine Strafanzeige bekommen.<\/td>\n    <td><font color=\"red\">Eingestellt <\/font><\/td>\n  <\/tr>\n<tr>\n    <td>9<\/td>\n    <td>Sabrina H.<\/td>\n    <td>Bedrohung, Verleumdung<\/td>\n    <td>Person hat auf Facebook \u00f6ffentlich bekundet &#8220;Man kann nicht einfach mit einem Zauberstab schwenken und\ndie P\u00e4dophilie verschwinden lassen.&#8221; darunter ein Bild von Negan aus The Walking Dead mit Baseballschl\u00e4ger, au\u00dferdem bezeichnete mich die Person als &#8220;Kinderficker&#8221;, Person konnte nicht ausfindig gemacht werden<\/td>\n    <td><font color=\"red\">Eingestellt <\/font><\/td>\n  <\/tr>\n<tr>\n    <td>10<\/td>\n    <td>Julia <\/td>\n    <td>Verleumdung, <\/td>\n    <td>Person hat mich auf Threads mehrfach mit Straftaten in verbindung gebracht, Screenshots aus dem Zusammenhang gerissen um sie so Veleumderisch aussehen zu lassen, Anzeige l\u00e4uft in mehreren punkten<\/td>\n    <td><font color=\"yellow\">L\u00e4uft <\/font><\/td>\n  <\/tr>\n<tr>\n    <td>11<\/td>\n    <td>David <\/td>\n    <td>Volksverhetzung, Verhetzende Beleidigung <\/td>\n    <td>Person hat auf GuteFrage gemeint, man m\u00fcsste P\u00e4dophile Menschen in Konzentrationslager und die Gaskammer stecken<\/td>\n    <td><font color=\"yellow\">L\u00e4uft <\/font><\/td>\n  <\/tr>\n<tr>\n    <td>12<\/td>\n    <td>Andreas K. <\/td>\n    <td>Verleumdung, Volksverhetzung, Beleidigung, Bedrohung, Gef\u00e4hrdetes Verbreiten Personenbezogener Daten <\/td>\n    <td>Person hat mich auf Threads und BlueSky mehrfach mit Straftaten in verbindung gebracht, Screenshots aus dem Zusammenhang gerissen um sie so Veleumderisch aussehen zu lassen, Rufsch\u00e4digung begangen, au\u00dferdem Bedroht sollte ich auf BlueSky zur\u00fcckkehren w\u00fcrden meine Daten exposed. Anzeige l\u00e4uft in mehreren punkten<\/td>\n    <td><font color=\"yellow\">L\u00e4uft <\/font><\/td>\n  <\/tr>\n<tr>\n    <td>13<\/td>\n    <td>Andreas H. <\/td>\n    <td>Verleumdung, <\/td>\n    <td>Person hat mich auf Threads mehrfach mit Straftaten in verbindung gebracht, Screenshots aus dem Zusammenhang gerissen um sie so Veleumderisch aussehen zu lassen, Anzeige l\u00e4uft in mehreren punkten<\/td>\n    <td><font color=\"yellow\">L\u00e4uft <\/font><\/td>\n  <\/tr>\n<tr>\n    <td>14<\/td>\n    <td>S. <\/td>\n    <td>Verleumdung, Bedrohung <\/td>\n    <td>Person hat mich auf Threads mehrfach mit Straftaten in verbindung gebracht, indem sie behauptet ich w\u00fcrde kinderpornografie Reproduzieren<\/td>\n    <td><font color=\"yellow\">L\u00e4uft <\/font><\/td>\n  <\/tr>\n<tr>\n    <td>15<\/td>\n    <td>K. <\/td>\n    <td>Verleumdung, Bedrohung <\/td>\n    <td>Person hat mich auf Threads mehrfach mit Straftaten in verbindung gebracht, indem sie behauptet ich w\u00fcrde Kinderbilder f\u00fcr KI Pornografie benutzen<\/td>\n    <td><font color=\"yellow\">L\u00e4uft <\/font><\/td>\n  <\/tr>\n    <td>16<\/td>\n    <td>Vanessa Behrendt<\/td>\n    <td>Verleumdung, Falsche Verd\u00e4chtigung, Vort\u00e4uschen einer Straftat, \u00dcble Nachrede, Verhetzende Beleidigung, Volksverhetzung, Aufruf zu Straftaten, Gef\u00e4hrdetes Verbreiten Personenbezogener Daten <\/td>\n    <td>Person hat auf Twitter, Facebook und Instagram mehrere Monate(3) Hass und Verleumdungen gegen mich und andere begangen indem wir unter anderem als Kindersch\u00e4nder bezeichnet wurden, hat uns Falschbeschuldigt durch anzeigen, und sp\u00e4ter meine Privaten Daten im Netz verbreitet und zu Gewaltstraftaten gegen mich aufgerufen. <\/td>\n    <td><font color=\"yellow\">L\u00e4uft <\/font><\/td>\n  <\/tr>\n  <\/tr>\n    <td>17<\/td>\n    <td>O. A.<\/td>\n    <td>Verleumdung, Aussp\u00e4hen von Daten, Nachstellung, Falsche Verd\u00e4chtigung, Anstiftung zu Straftaten  <\/td>\n    <td>Person Stalkte mich seit Jahren, hat &#8220;angeblich&#8221; meinen Email Account gehackt, Personen dazu aufgerufen Straftaten an mir zu begehen, und mich gegen\u00fcber der Polizei Falsch Verd\u00e4chtigt &#8220;der ist P\u00e4dophil, der muss doch was illegales auf dem PC haben schaut da mal nach&#8221;, wurde alles als &#8220;zu unkonkret&#8221; eingestellt.<\/td>\n    <td><font color=\"red\">Eingestellt <\/font><\/td>\n  <\/tr>\n  <\/tr>\n    <td>18<\/td>\n    <td>Frl.<\/td>\n    <td>Verleumdung<\/td>\n    <td>Person hat mich auf BlueSky mehrfach mit Straftaten in verbindung gebracht, Screenshots aus dem Zusammenhang gerissen um sie so Veleumderisch aussehen zu lassen, Anzeige l\u00e4uft in mehreren punkten<\/td>\n    <td><font color=\"yellow\">L\u00e4uft <\/font><\/td>\n  <\/tr>\n    <td>19<\/td>\n    <td>L.A.<\/td>\n    <td>Verleumdung, Beleidigung<\/td>\n    <td>Person hat mich auf Threads als &#8220;Viech&#8221; bezeichnet und gemeint ich w\u00fcrde mich dauerhaft im Halb-Legalen-Raum bewegen<\/td>\n    <td><font color=\"yellow\">L\u00e4uft <\/font><\/td>\n  <\/tr>\n<\/table>\n","protected":false},"excerpt":{"rendered":"<p>Hallo, ich habe seit Anfang 2022, 36 anzeigen geschrieben, sowohl gegen Rechte, Schwurbler, Hacker, Volksverhetzer, Queerphobe Personen, AfD Politiker, psychisch Kranke selbsternannte &#8220;Kindersch\u00fctzer&#8221; und \u00e4hnliches, hier mal eine kleine Aufz\u00e4hlung von denen, wo ich nachvollziehen konnte, worum es geht, weil die Schreiben der Staatsanwaltschaft immer sehr allgemein gehalten sind und ich mich an einige F\u00e4lle [&hellip;]<\/p>\n","protected":false},"author":1,"featured_media":0,"parent":0,"menu_order":0,"comment_status":"closed","ping_status":"closed","template":"","meta":{"footnotes":""},"class_list":["post-1236","page","type-page","status-publish","hentry"],"aioseo_notices":[],"featured_image_src":null,"_links":{"self":[{"href":"https:\/\/www.mapblog.xyz\/index.php?rest_route=\/wp\/v2\/pages\/1236","targetHints":{"allow":["GET"]}}],"collection":[{"href":"https:\/\/www.mapblog.xyz\/index.php?rest_route=\/wp\/v2\/pages"}],"about":[{"href":"https:\/\/www.mapblog.xyz\/index.php?rest_route=\/wp\/v2\/types\/page"}],"author":[{"embeddable":true,"href":"https:\/\/www.mapblog.xyz\/index.php?rest_route=\/wp\/v2\/users\/1"}],"replies":[{"embeddable":true,"href":"https:\/\/www.mapblog.xyz\/index.php?rest_route=%2Fwp%2Fv2%2Fcomments&post=1236"}],"version-history":[{"count":28,"href":"https:\/\/www.mapblog.xyz\/index.php?rest_route=\/wp\/v2\/pages\/1236\/revisions"}],"predecessor-version":[{"id":1364,"href":"https:\/\/www.mapblog.xyz\/index.php?rest_route=\/wp\/v2\/pages\/1236\/revisions\/1364"}],"wp:attachment":[{"href":"https:\/\/www.mapblog.xyz\/index.php?rest_route=%2Fwp%2Fv2%2Fmedia&parent=1236"}],"curies":[{"name":"wp","href":"https:\/\/api.w.org\/{rel}","templated":true}]}}