{"id":1342,"date":"2025-04-24T20:18:24","date_gmt":"2025-04-24T20:18:24","guid":{"rendered":"https:\/\/www.mapblog.xyz\/?page_id=1342"},"modified":"2025-04-28T23:45:25","modified_gmt":"2025-04-28T23:45:25","slug":"%f0%9f%87%a9%f0%9f%87%aa-tutorial-whonix","status":"publish","type":"page","link":"https:\/\/www.mapblog.xyz\/?page_id=1342","title":{"rendered":"\ud83c\udde9\ud83c\uddea Tutorial &#8211; Whonix"},"content":{"rendered":"\n<pre id=\"tw-target-text\" class=\"wp-block-preformatted\">\n<br>\nWillkommen zu einem neuen Tutorial! Heute besch\u00e4ftigen wir uns mit dem WHONIX-Betriebssystem.<br><br><code><br><\/code><br><\/pre>\n\n\n<div style=\"border: 3px solid #cf2e2e; border-radius: 0%; background-color: inherit; \" class=\"ub-styled-box ub-bordered-box wp-block-ub-styled-box\" id=\"ub-styled-box-b62226ff-3b36-4a3f-a2c9-409c43519fbc\">\n<p id=\"ub-styled-box-bordered-content-\"><strong><mark style=\"background-color:rgba(0, 0, 0, 0)\" class=\"has-inline-color has-vivid-red-color\">Hinweis zur pers\u00f6nlichen Sicherheit! Diese Tutorials sollen NICHT dazu dienen, illegale Straftaten im Internet zu begehen, sondern vor Gewaltverbrechern zu sch\u00fctzen, die uns leider \u2013 wie \u00fcberall \u2013 aufgrund unserer sexuellen Orientierung schikanieren, besuchen oder Gewalt anwenden wollen.<\/mark><\/strong><\/p>\n\n\n<\/div>\n\n<pre id=\"tw-target-text\" class=\"wp-block-preformatted\">\n<p><br>Was ben\u00f6tigen wir daf\u00fcr?<br><br>\u2013 Einen Computer (idealerweise einen Laptop) mit 4\u20138 Gigabyte RAM (je mehr, desto besser) und Hyper-VTX-Virtualisierungstechnologie.<br><br>Installation:<br><br>Als Erstes ben\u00f6tigen Sie VirtualBox (<a href=\"https:\/\/www.virtualbox.org\/\">https:\/\/www.virtualbox.org\/<\/a>).<br><br>Als zweites Whonix (<a href=\"https:\/\/www.whonix.org\/#download\">https:\/\/www.whonix.org\/#download<\/a>).<br><br>Installieren Wir VirtualBox und laden \u201eWhonix with XFCE\u201c herunter und importieren es.<\/p><\/pre>\n\n\n\n<img loading=\"lazy\" decoding=\"async\" width=\"750\" height=\"457\" class=\"wp-image-445\" style=\"width: 750px;\" src=\"https:\/\/www.mapblog.xyz\/wp-content\/uploads\/2023\/08\/whonix1.webp\" alt=\"\"><br><br><img loading=\"lazy\" decoding=\"async\" width=\"750\" height=\"438\" class=\"wp-image-446\" style=\"width: 750px;\" src=\"https:\/\/www.mapblog.xyz\/wp-content\/uploads\/2023\/08\/whonix2.webp\" alt=\"\">\n\n\n\n<p><\/p>\n\n\n<pre id=\"tw-target-text\" class=\"wp-block-preformatted\">\n<p>In diesem Fenster lassen wir alles so wie es ist.<\/p>\n\n\n\n<p><img loading=\"lazy\" decoding=\"async\" width=\"750\" height=\"438\" class=\"wp-image-447\" style=\"width: 750px;\" src=\"https:\/\/www.mapblog.xyz\/wp-content\/uploads\/2023\/08\/whonix3.webp\" alt=\"\"><br><\/p>\n<\/pre>\n\n<pre id=\"tw-target-text\" class=\"wp-block-preformatted\">\n<p>Das alles dauert eine weile...<br><br><img loading=\"lazy\" decoding=\"async\" width=\"750\" height=\"438\" class=\"wp-image-448\" style=\"width: 750px;\" src=\"https:\/\/www.mapblog.xyz\/wp-content\/uploads\/2023\/08\/whonix4.webp\" alt=\"\"><\/p><\/pre>\n\n\n<pre id=\"tw-target-text\" class=\"wp-block-preformatted\">\nWir haben nun zwei virtuelle Maschinen, die wir nacheinander starten.<br><br>1) Gateway \u2013 stellt sicher, dass ausschlie\u00dflich eine Verbindung zwischen der Workstation (unserem Arbeitsplatz) und dem Internet \u00fcber das gesicherte TOR-Netzwerk hergestellt werden kann.<br><br>2) Workstation \u2013 Unser Arbeitsplatz.<br><br><img loading=\"lazy\" decoding=\"async\" width=\"750\" height=\"438\" class=\"wp-image-449\" style=\"width: 750px;\" src=\"https:\/\/www.mapblog.xyz\/wp-content\/uploads\/2023\/08\/whonix5.webp\" alt=\"\">\n<\/pre>\n\n<pre id=\"tw-target-text\" class=\"wp-block-preformatted\">\n<p>So sieht das ganze dann aus:<br><br><img loading=\"lazy\" decoding=\"async\" width=\"750\" height=\"2486\" class=\"wp-image-450\" style=\"width: 750px;\" src=\"https:\/\/www.mapblog.xyz\/wp-content\/uploads\/2023\/08\/whonix6.webp\" alt=\"\"><\/p><\/pre>\n\n\n<pre id=\"tw-target-text\" class=\"wp-block-preformatted\">\nWhonix ist nun einsatzbereit. Hier die wichtigsten Sicherheitshinweise:<br><br>- Klicke am besten t\u00e4glich oben links auf das vierte Symbol (das Terminalsymbol) und gebe Folgendes ein:<br><br>\u201eWhonixcheck\u201c, um festzustellen, ob du mit Whonix verbunden bist, oder ob Probleme oder Upgrades vorliegen, z. B. ob Updates verf\u00fcgbar sind.<br><br>\u201eupgrade-nonroot\u201c oder \u201esudo apt-get update &amp;&amp; sudo apt-get upgrade\u201c, um Updates zu installieren.<br><br><img loading=\"lazy\" decoding=\"async\" width=\"750\" height=\"1864\" class=\"wp-image-451\" style=\"width: 750px;\" src=\"https:\/\/www.mapblog.xyz\/wp-content\/uploads\/2023\/08\/whonix7.webp\" alt=\"\"><\/pre>\n\n\n\n<pre id=\"tw-target-text\" class=\"wp-block-preformatted\">Starte au\u00dferdem den TOR-Browser, gebe \u201eabout:config\u201c in die Adressleiste ein, klicke auf \u201eAkzeptieren\u201c, gebe im Fenster \u201eJavascript.enabled\u201c ein und \u00e4nder die Einstellung auf \u201eFalse\u201c.<br><br>So, jetzt kannst sicher im Internet surfen und dich mit anderen unterhalten, ohne von Kriminellen, Pedohuntern oder \u00e4nlichem aufgesp\u00fcrt zu werden.<\/pre>\n\n\n\n<p><br><\/p>\n","protected":false},"excerpt":{"rendered":"<p>Willkommen zu einem neuen Tutorial! Heute besch\u00e4ftigen wir uns mit dem WHONIX-Betriebssystem. Was ben\u00f6tigen wir daf\u00fcr?\u2013 Einen Computer (idealerweise einen Laptop) mit 4\u20138 Gigabyte RAM (je mehr, desto besser) und Hyper-VTX-Virtualisierungstechnologie.Installation:Als Erstes ben\u00f6tigen Sie VirtualBox (https:\/\/www.virtualbox.org\/).Als zweites Whonix (https:\/\/www.whonix.org\/#download).Installieren Wir VirtualBox und laden \u201eWhonix with XFCE\u201c herunter und importieren es. In diesem Fenster lassen wir [&hellip;]<\/p>\n","protected":false},"author":1,"featured_media":0,"parent":0,"menu_order":0,"comment_status":"closed","ping_status":"closed","template":"","meta":{"footnotes":""},"class_list":["post-1342","page","type-page","status-publish","hentry"],"aioseo_notices":[],"featured_image_src":null,"_links":{"self":[{"href":"https:\/\/www.mapblog.xyz\/index.php?rest_route=\/wp\/v2\/pages\/1342","targetHints":{"allow":["GET"]}}],"collection":[{"href":"https:\/\/www.mapblog.xyz\/index.php?rest_route=\/wp\/v2\/pages"}],"about":[{"href":"https:\/\/www.mapblog.xyz\/index.php?rest_route=\/wp\/v2\/types\/page"}],"author":[{"embeddable":true,"href":"https:\/\/www.mapblog.xyz\/index.php?rest_route=\/wp\/v2\/users\/1"}],"replies":[{"embeddable":true,"href":"https:\/\/www.mapblog.xyz\/index.php?rest_route=%2Fwp%2Fv2%2Fcomments&post=1342"}],"version-history":[{"count":18,"href":"https:\/\/www.mapblog.xyz\/index.php?rest_route=\/wp\/v2\/pages\/1342\/revisions"}],"predecessor-version":[{"id":1430,"href":"https:\/\/www.mapblog.xyz\/index.php?rest_route=\/wp\/v2\/pages\/1342\/revisions\/1430"}],"wp:attachment":[{"href":"https:\/\/www.mapblog.xyz\/index.php?rest_route=%2Fwp%2Fv2%2Fmedia&parent=1342"}],"curies":[{"name":"wp","href":"https:\/\/api.w.org\/{rel}","templated":true}]}}