{"id":1374,"date":"2025-04-24T21:27:33","date_gmt":"2025-04-24T21:27:33","guid":{"rendered":"https:\/\/www.mapblog.xyz\/?page_id=1374"},"modified":"2025-04-24T21:27:34","modified_gmt":"2025-04-24T21:27:34","slug":"%f0%9f%87%a9%f0%9f%87%aa-tutorial-opsec","status":"publish","type":"page","link":"https:\/\/www.mapblog.xyz\/?page_id=1374","title":{"rendered":"\ud83c\udde9\ud83c\uddea Tutorial &#8211; OpSec"},"content":{"rendered":"\n<p><\/p>\n\n\n\n<ul class=\"wp-block-list\">\n<li>Wenn du dich registrierst, verwende NIEMALS deine Haupt-E-Mail-Adresse, sondern immer eine Wegwerfadresse, z. B. von Tutanota oder einem Darknet-Mail-Anbieter wie ProtonMail. <br>Verwende NIEMALS deinen echten Namen oder eine Ableitung davon.<\/li>\n\n\n\n<li>Gebe NIEMALS private Daten wie Adresse, Name, Geburtsdatum, Geburtsort, pers\u00f6nliche Bilder oder \u00c4hnliches weiter, nicht einmal nur kurz. Es gibt Personen, die diese pers\u00f6nlichen Daten sammeln und sie verwenden, um mithilfe von Social Engineering ein Profil \u00fcber dich zu erstellen. <\/li>\n\n\n\n<li>Wenn du Fotos ver\u00f6ffentlichst, deaktiviere die Speicherung von Metadaten auf deiner Kamera und \u00fcberpr\u00fcfe diese vorher mit Programmen oder online, um sicherzustellen, dass deine Fotos nicht auf dich zur\u00fcckgef\u00fchrt werden k\u00f6nnen. <\/li>\n\n\n\n<li>Begehe KEINE Straftaten wie Kinderpornografie, schreibe Minderj\u00e4hrigen nicht und gestehen Sie keine Straftaten ein (es sei denn, Sie wurden daf\u00fcr bestraft, aber sagen Sie dann niemals, wann). <\/li>\n\n\n\n<li>\u00d6ffne NIEMALS Bilder oder Mails, die dir von Unbekannten geschickt wurden oder bei denen der Bildhoster Idir nichts sagt. Recherchiere vorher, nicht danach. Manche Bildhoster sind gef\u00e4lscht und dienen dazu, deine IP-Adresse zu speichern. <\/li>\n\n\n\n<li>\u00d6ffne NIEMALS andere Dateien, Programme oder \u00c4hnliches, die dir \u00fcber das Internet zugesandt werden. Diese k\u00f6nnen Sie mit Malware infizieren, die Ihre IP-Adresse nutzt, um nach Hause zu telefonieren. <\/li>\n\n\n\n<li>Lade NIEMALS Daten auf dein Smartphone. Selbst nach dem Formatieren sind die Daten gr\u00f6\u00dftenteils wiederherstellbar. <\/li>\n\n\n\n<li>Deaktiviere Mikrofone und Webcams, insbesondere auf Laptops. <\/li>\n\n\n\n<li>Treffe dich NIEMALS mit anderen Personen (es sei denn, Sie sind Aktivist\/in und die Person verf\u00fcgt \u00fcber eine Akkreditierung und einen Presseausweis). <\/li>\n\n\n\n<li>Verwende NIEMALS dasselbe Passwort f\u00fcr mehrere Seiten oder Seiten, die du privat nutzt, und f\u00fcr die Diskussion \u00fcber Ihre sexuelle Orientierung. <\/li>\n\n\n\n<li>Verschl\u00fcssel deine Festplatte stets vollst\u00e4ndig und schalte deinen Ihren Computer aus, wenn du nicht daran arbeitest, weggehst oder schl\u00e4fst. <\/li>\n\n\n\n<li>Wenn du Amerikaner\/in bist, verwende die Option \u201eVerstecktes Volume\u201c von VeraCrypt. <br>Schreibe NIEMALS etwas, das auf deine Identit\u00e4t hinweisen k\u00f6nnte, f\u00fcr rechtliche Diskussionen \u00fcber Ihre sexuelle Orientierung auf Papier oder an einem anderen Ort im realen Leben.<\/li>\n<\/ul>\n","protected":false},"excerpt":{"rendered":"","protected":false},"author":1,"featured_media":0,"parent":0,"menu_order":0,"comment_status":"closed","ping_status":"closed","template":"","meta":{"footnotes":""},"class_list":["post-1374","page","type-page","status-publish","hentry"],"aioseo_notices":[],"featured_image_src":null,"_links":{"self":[{"href":"https:\/\/www.mapblog.xyz\/index.php?rest_route=\/wp\/v2\/pages\/1374","targetHints":{"allow":["GET"]}}],"collection":[{"href":"https:\/\/www.mapblog.xyz\/index.php?rest_route=\/wp\/v2\/pages"}],"about":[{"href":"https:\/\/www.mapblog.xyz\/index.php?rest_route=\/wp\/v2\/types\/page"}],"author":[{"embeddable":true,"href":"https:\/\/www.mapblog.xyz\/index.php?rest_route=\/wp\/v2\/users\/1"}],"replies":[{"embeddable":true,"href":"https:\/\/www.mapblog.xyz\/index.php?rest_route=%2Fwp%2Fv2%2Fcomments&post=1374"}],"version-history":[{"count":1,"href":"https:\/\/www.mapblog.xyz\/index.php?rest_route=\/wp\/v2\/pages\/1374\/revisions"}],"predecessor-version":[{"id":1375,"href":"https:\/\/www.mapblog.xyz\/index.php?rest_route=\/wp\/v2\/pages\/1374\/revisions\/1375"}],"wp:attachment":[{"href":"https:\/\/www.mapblog.xyz\/index.php?rest_route=%2Fwp%2Fv2%2Fmedia&parent=1374"}],"curies":[{"name":"wp","href":"https:\/\/api.w.org\/{rel}","templated":true}]}}